{"id":1583,"date":"2022-05-09T10:43:05","date_gmt":"2022-05-09T10:43:05","guid":{"rendered":"https:\/\/tachyssema.fr\/?page_id=1583"},"modified":"2022-06-17T08:54:36","modified_gmt":"2022-06-17T08:54:36","slug":"nos-produits","status":"publish","type":"page","link":"https:\/\/tachyssema.fr\/en\/nos-produits","title":{"rendered":"Our Products"},"content":{"rendered":"<h2 class=\"has-medium-font-size wp-block-heading\">Our Tachyss\u00e9ma D\u00e9veloppement modules and development boards<\/h2>\n\n\n\n<p class=\"x_MsoNormal\">Our industrial development boards and modules quickly provide the solution for advanced data processing and embedded applications.\u00a0<\/p>\n<p class=\"x_MsoNormal\">They are compact high-end, high-density FPGA based solutions. All requirements to achieve a complete solution in real-time signal processing applications are integrated.\u00a0<\/p>\n\n\n\n<div class=\"wp-block-columns is-layout-flex wp-container-2\">\n<div class=\"wp-block-column is-layout-flow\" style=\"flex-basis:100%\"><div data-block-name=\"woocommerce\/product-category\" data-columns=\"2\" data-categories=\"[39,42]\" data-content-visibility=\"{&quot;title&quot;:true,&quot;price&quot;:false,&quot;rating&quot;:false,&quot;button&quot;:false}\" data-stock-status=\"[&quot;&quot;,&quot;instock&quot;,&quot;outofstock&quot;,&quot;onbackorder&quot;]\" class=\"wc-block-grid wp-block-product-category wc-block-product-category has-2-columns has-multiple-rows\"><ul class=\"wc-block-grid__products\"><li class=\"wc-block-grid__product\">\n\t\t\t\t<a href=\"https:\/\/tachyssema.fr\/en\/product\/tachyssema101\" class=\"wc-block-grid__product-link\">\n\t\t\t\t\t<div class=\"wc-block-grid__product-image\"><img width=\"600\" height=\"450\" src=\"https:\/\/tachyssema.fr\/wp-content\/uploads\/2022\/10\/MODULE_A_1-600x450.jpg\" class=\"attachment-woocommerce_thumbnail size-woocommerce_thumbnail\" alt=\"Tachyss\u00e9ma D\u00e9veloppement 101\" decoding=\"async\" loading=\"lazy\" srcset=\"https:\/\/tachyssema.fr\/wp-content\/uploads\/2022\/10\/MODULE_A_1-600x450.jpg 600w, https:\/\/tachyssema.fr\/wp-content\/uploads\/2022\/10\/MODULE_A_1-300x225.jpg 300w, https:\/\/tachyssema.fr\/wp-content\/uploads\/2022\/10\/MODULE_A_1-1024x768.jpg 1024w, https:\/\/tachyssema.fr\/wp-content\/uploads\/2022\/10\/MODULE_A_1-768x576.jpg 768w, https:\/\/tachyssema.fr\/wp-content\/uploads\/2022\/10\/MODULE_A_1-1536x1152.jpg 1536w, https:\/\/tachyssema.fr\/wp-content\/uploads\/2022\/10\/MODULE_A_1-2048x1536.jpg 2048w, https:\/\/tachyssema.fr\/wp-content\/uploads\/2022\/10\/MODULE_A_1-16x12.jpg 16w, https:\/\/tachyssema.fr\/wp-content\/uploads\/2022\/10\/MODULE_A_1-363x272.jpg 363w, https:\/\/tachyssema.fr\/wp-content\/uploads\/2022\/10\/MODULE_A_1-1320x990.jpg 1320w, https:\/\/tachyssema.fr\/wp-content\/uploads\/2022\/10\/MODULE_A_1-800x600.jpg 800w\" sizes=\"(max-width: 600px) 100vw, 600px\" \/><\/div>\n\t\t\t\t\t<div class=\"wc-block-grid__product-title\">Tachyss\u00e9ma D\u00e9veloppement 101<\/div>\n\t\t\t\t<\/a>\n\t\t\t\t\n\t\t\t\t\n\t\t\t\t\n\t\t\t\t\n\t\t\t<\/li><li class=\"wc-block-grid__product\">\n\t\t\t\t<a href=\"https:\/\/tachyssema.fr\/en\/product\/tachyssema201\" class=\"wc-block-grid__product-link\">\n\t\t\t\t\t<div class=\"wc-block-grid__product-image\"><img width=\"600\" height=\"450\" src=\"https:\/\/tachyssema.fr\/wp-content\/uploads\/2022\/05\/MODULE_B_1-600x450.png\" class=\"attachment-woocommerce_thumbnail size-woocommerce_thumbnail\" alt=\"Tachyss\u00e9ma Developpement 201\" decoding=\"async\" loading=\"lazy\" srcset=\"https:\/\/tachyssema.fr\/wp-content\/uploads\/2022\/05\/MODULE_B_1-600x450.png 600w, https:\/\/tachyssema.fr\/wp-content\/uploads\/2022\/05\/MODULE_B_1-300x225.png 300w, https:\/\/tachyssema.fr\/wp-content\/uploads\/2022\/05\/MODULE_B_1-1024x768.png 1024w, https:\/\/tachyssema.fr\/wp-content\/uploads\/2022\/05\/MODULE_B_1-768x576.png 768w, https:\/\/tachyssema.fr\/wp-content\/uploads\/2022\/05\/MODULE_B_1-1536x1152.png 1536w, https:\/\/tachyssema.fr\/wp-content\/uploads\/2022\/05\/MODULE_B_1-2048x1536.png 2048w, https:\/\/tachyssema.fr\/wp-content\/uploads\/2022\/05\/MODULE_B_1-16x12.png 16w, https:\/\/tachyssema.fr\/wp-content\/uploads\/2022\/05\/MODULE_B_1-363x272.png 363w, https:\/\/tachyssema.fr\/wp-content\/uploads\/2022\/05\/MODULE_B_1-1320x990.png 1320w, https:\/\/tachyssema.fr\/wp-content\/uploads\/2022\/05\/MODULE_B_1-800x600.png 800w\" sizes=\"(max-width: 600px) 100vw, 600px\" \/><\/div>\n\t\t\t\t\t<div class=\"wc-block-grid__product-title\">Tachyss\u00e9ma Developpement 201<\/div>\n\t\t\t\t<\/a>\n\t\t\t\t\n\t\t\t\t\n\t\t\t\t\n\t\t\t\t\n\t\t\t<\/li><\/ul><\/div><\/div>\n<\/div>\n\n\n\n<p><\/p>\n\n\n\n<p><\/p>","protected":false},"excerpt":{"rendered":"<p>Nos modules et cartes d&rsquo;\u00e9valuation Tachyss\u00e9ma D\u00e9veloppement Nos modules et cartes d&rsquo;\u00e9valuation industriels permettent d\u2019atteindre rapidement la solution pour le traitement avanc\u00e9 des donn\u00e9es et pour les applications embarqu\u00e9es.\u00a0 Ils [&hellip;]<\/p>","protected":false},"author":1,"featured_media":0,"parent":0,"menu_order":0,"comment_status":"closed","ping_status":"closed","template":"","meta":{"spay_email":""},"yoast_head":"<!-- This site is optimized with the Yoast SEO plugin v20.7 - https:\/\/yoast.com\/wordpress\/plugins\/seo\/ -->\n<title>Nos Produits - Tachyss\u00e9ma<\/title>\n<meta name=\"robots\" content=\"index, follow, max-snippet:-1, max-image-preview:large, max-video-preview:-1\" \/>\n<link rel=\"canonical\" href=\"https:\/\/tachyssema.fr\/en\/nos-produits\" \/>\n<meta property=\"og:locale\" content=\"en_US\" \/>\n<meta property=\"og:type\" content=\"article\" \/>\n<meta property=\"og:title\" content=\"Nos Produits - Tachyss\u00e9ma\" \/>\n<meta property=\"og:description\" content=\"Nos modules et cartes d&rsquo;\u00e9valuation Tachyss\u00e9ma D\u00e9veloppement Nos modules et cartes d&rsquo;\u00e9valuation industriels permettent d\u2019atteindre rapidement la solution pour le traitement avanc\u00e9 des donn\u00e9es et pour les applications embarqu\u00e9es.\u00a0 Ils [&hellip;]\" \/>\n<meta property=\"og:url\" content=\"https:\/\/tachyssema.fr\/en\/nos-produits\" \/>\n<meta property=\"og:site_name\" content=\"Tachyss\u00e9ma\" \/>\n<meta property=\"article:modified_time\" content=\"2022-06-17T08:54:36+00:00\" \/>\n<meta name=\"twitter:card\" content=\"summary_large_image\" \/>\n<script type=\"application\/ld+json\" class=\"yoast-schema-graph\">{\"@context\":\"https:\/\/schema.org\",\"@graph\":[{\"@type\":\"WebPage\",\"@id\":\"https:\/\/tachyssema.fr\/en\/nos-produits\",\"url\":\"https:\/\/tachyssema.fr\/en\/nos-produits\",\"name\":\"Nos Produits - Tachyss\u00e9ma\",\"isPartOf\":{\"@id\":\"https:\/\/tachyssema.fr\/#website\"},\"datePublished\":\"2022-05-09T10:43:05+00:00\",\"dateModified\":\"2022-06-17T08:54:36+00:00\",\"breadcrumb\":{\"@id\":\"https:\/\/tachyssema.fr\/en\/nos-produits#breadcrumb\"},\"inLanguage\":\"en-US\",\"potentialAction\":[{\"@type\":\"ReadAction\",\"target\":[\"https:\/\/tachyssema.fr\/en\/nos-produits\"]}]},{\"@type\":\"BreadcrumbList\",\"@id\":\"https:\/\/tachyssema.fr\/en\/nos-produits#breadcrumb\",\"itemListElement\":[{\"@type\":\"ListItem\",\"position\":1,\"name\":\"Accueil\",\"item\":\"https:\/\/tachyssema.fr\/\"},{\"@type\":\"ListItem\",\"position\":2,\"name\":\"Nos Produits\"}]},{\"@type\":\"WebSite\",\"@id\":\"https:\/\/tachyssema.fr\/#website\",\"url\":\"https:\/\/tachyssema.fr\/\",\"name\":\"Tachyss\u00e9ma\",\"description\":\"Ing\u00e9nierie \u00e9lectronique syst\u00e8mes &amp; cam\u00e9ras FPGA\",\"publisher\":{\"@id\":\"https:\/\/tachyssema.fr\/#organization\"},\"potentialAction\":[{\"@type\":\"SearchAction\",\"target\":{\"@type\":\"EntryPoint\",\"urlTemplate\":\"https:\/\/tachyssema.fr\/?s={search_term_string}\"},\"query-input\":\"required name=search_term_string\"}],\"inLanguage\":\"en-US\"},{\"@type\":\"Organization\",\"@id\":\"https:\/\/tachyssema.fr\/#organization\",\"name\":\"Tachyss\u00e9ma D\u00e9veloppement\",\"url\":\"https:\/\/tachyssema.fr\/\",\"logo\":{\"@type\":\"ImageObject\",\"inLanguage\":\"en-US\",\"@id\":\"https:\/\/tachyssema.fr\/#\/schema\/logo\/image\/\",\"url\":\"https:\/\/tachyssema.fr\/wp-content\/uploads\/2020\/10\/cropped-logo.png\",\"contentUrl\":\"https:\/\/tachyssema.fr\/wp-content\/uploads\/2020\/10\/cropped-logo.png\",\"width\":212,\"height\":54,\"caption\":\"Tachyss\u00e9ma D\u00e9veloppement\"},\"image\":{\"@id\":\"https:\/\/tachyssema.fr\/#\/schema\/logo\/image\/\"},\"sameAs\":[\"https:\/\/fr.linkedin.com\/company\/tachyssema-developpement\",\"https:\/\/fr.linkedin.com\/company\/tachyssema-developpement?original_referer=httpswww.google.com\"]}]}<\/script>\n<!-- \/ Yoast SEO plugin. -->","yoast_head_json":{"title":"Nos Produits - Tachyss\u00e9ma","robots":{"index":"index","follow":"follow","max-snippet":"max-snippet:-1","max-image-preview":"max-image-preview:large","max-video-preview":"max-video-preview:-1"},"canonical":"https:\/\/tachyssema.fr\/en\/nos-produits","og_locale":"en_US","og_type":"article","og_title":"Nos Produits - Tachyss\u00e9ma","og_description":"Nos modules et cartes d&rsquo;\u00e9valuation Tachyss\u00e9ma D\u00e9veloppement Nos modules et cartes d&rsquo;\u00e9valuation industriels permettent d\u2019atteindre rapidement la solution pour le traitement avanc\u00e9 des donn\u00e9es et pour les applications embarqu\u00e9es.\u00a0 Ils [&hellip;]","og_url":"https:\/\/tachyssema.fr\/en\/nos-produits","og_site_name":"Tachyss\u00e9ma","article_modified_time":"2022-06-17T08:54:36+00:00","twitter_card":"summary_large_image","schema":{"@context":"https:\/\/schema.org","@graph":[{"@type":"WebPage","@id":"https:\/\/tachyssema.fr\/en\/nos-produits","url":"https:\/\/tachyssema.fr\/en\/nos-produits","name":"Nos Produits - Tachyss\u00e9ma","isPartOf":{"@id":"https:\/\/tachyssema.fr\/#website"},"datePublished":"2022-05-09T10:43:05+00:00","dateModified":"2022-06-17T08:54:36+00:00","breadcrumb":{"@id":"https:\/\/tachyssema.fr\/en\/nos-produits#breadcrumb"},"inLanguage":"en-US","potentialAction":[{"@type":"ReadAction","target":["https:\/\/tachyssema.fr\/en\/nos-produits"]}]},{"@type":"BreadcrumbList","@id":"https:\/\/tachyssema.fr\/en\/nos-produits#breadcrumb","itemListElement":[{"@type":"ListItem","position":1,"name":"Accueil","item":"https:\/\/tachyssema.fr\/"},{"@type":"ListItem","position":2,"name":"Nos Produits"}]},{"@type":"WebSite","@id":"https:\/\/tachyssema.fr\/#website","url":"https:\/\/tachyssema.fr\/","name":"Tachyss\u00e9ma","description":"Ing\u00e9nierie \u00e9lectronique syst\u00e8mes &amp; cam\u00e9ras FPGA","publisher":{"@id":"https:\/\/tachyssema.fr\/#organization"},"potentialAction":[{"@type":"SearchAction","target":{"@type":"EntryPoint","urlTemplate":"https:\/\/tachyssema.fr\/?s={search_term_string}"},"query-input":"required name=search_term_string"}],"inLanguage":"en-US"},{"@type":"Organization","@id":"https:\/\/tachyssema.fr\/#organization","name":"Tachyss\u00e9ma D\u00e9veloppement","url":"https:\/\/tachyssema.fr\/","logo":{"@type":"ImageObject","inLanguage":"en-US","@id":"https:\/\/tachyssema.fr\/#\/schema\/logo\/image\/","url":"https:\/\/tachyssema.fr\/wp-content\/uploads\/2020\/10\/cropped-logo.png","contentUrl":"https:\/\/tachyssema.fr\/wp-content\/uploads\/2020\/10\/cropped-logo.png","width":212,"height":54,"caption":"Tachyss\u00e9ma D\u00e9veloppement"},"image":{"@id":"https:\/\/tachyssema.fr\/#\/schema\/logo\/image\/"},"sameAs":["https:\/\/fr.linkedin.com\/company\/tachyssema-developpement","https:\/\/fr.linkedin.com\/company\/tachyssema-developpement?original_referer=httpswww.google.com"]}]}},"_links":{"self":[{"href":"https:\/\/tachyssema.fr\/en\/wp-json\/wp\/v2\/pages\/1583"}],"collection":[{"href":"https:\/\/tachyssema.fr\/en\/wp-json\/wp\/v2\/pages"}],"about":[{"href":"https:\/\/tachyssema.fr\/en\/wp-json\/wp\/v2\/types\/page"}],"author":[{"embeddable":true,"href":"https:\/\/tachyssema.fr\/en\/wp-json\/wp\/v2\/users\/1"}],"replies":[{"embeddable":true,"href":"https:\/\/tachyssema.fr\/en\/wp-json\/wp\/v2\/comments?post=1583"}],"version-history":[{"count":15,"href":"https:\/\/tachyssema.fr\/en\/wp-json\/wp\/v2\/pages\/1583\/revisions"}],"predecessor-version":[{"id":1742,"href":"https:\/\/tachyssema.fr\/en\/wp-json\/wp\/v2\/pages\/1583\/revisions\/1742"}],"wp:attachment":[{"href":"https:\/\/tachyssema.fr\/en\/wp-json\/wp\/v2\/media?parent=1583"}],"curies":[{"name":"wp","href":"https:\/\/api.w.org\/{rel}","templated":true}]}}