{"id":1689,"date":"2022-05-17T12:50:58","date_gmt":"2022-05-17T12:50:58","guid":{"rendered":"https:\/\/tachyssema.fr\/?page_id=1689"},"modified":"2022-05-17T12:50:58","modified_gmt":"2022-05-17T12:50:58","slug":"sn74lvc1g17-2","status":"publish","type":"page","link":"https:\/\/tachyssema.fr\/en\/sn74lvc1g17-2","title":{"rendered":"SN74LVC1G17"},"content":{"rendered":"<p><\/p>\n\n\n\t\t<style>\r\n            #h5vp69e7554a76944 iframe {  width: 160%; }        <\/style>\r\n        \t    <div id=\"h5vp69e7554a76944\" class=\"pdfp_wrapper\">\r\n                        <div class=\"cta_wrapper\">\r\n                \t            <p><a href=\"https:\/\/tachyssema.fr\/wp-content\/plugins\/pdf-poster\/pdfjs\/web\/viewer.html?file=https:\/\/tachyssema.fr\/wp-content\/uploads\/2022\/05\/sn74lvc1g17.pdf&#038;download=true&#038;print=true&#038;openfile=false\"><button>View Fullscreen<\/button><\/a><\/p>\r\n            <\/div>\r\n            <div class=\"iframe_wrapper\">\r\n                <iframe loading=\"lazy\" width=\"160%\" height=\"1200px\" src=\"https:\/\/tachyssema.fr\/wp-content\/plugins\/pdf-poster\/pdfjs\/web\/viewer.html?file=https:\/\/tachyssema.fr\/wp-content\/uploads\/2022\/05\/sn74lvc1g17.pdf&#038;download=true&#038;print=true&#038;openfile=false\"><\/iframe>\r\n            <\/div>\r\n\t    <\/div>","protected":false},"excerpt":{"rendered":"","protected":false},"author":2,"featured_media":0,"parent":0,"menu_order":0,"comment_status":"closed","ping_status":"closed","template":"","meta":{"spay_email":""},"yoast_head":"<!-- This site is optimized with the Yoast SEO plugin v20.7 - https:\/\/yoast.com\/wordpress\/plugins\/seo\/ -->\n<title>SN74LVC1G17 - Tachyss\u00e9ma<\/title>\n<meta name=\"robots\" content=\"index, follow, max-snippet:-1, max-image-preview:large, max-video-preview:-1\" \/>\n<link rel=\"canonical\" href=\"https:\/\/tachyssema.fr\/en\/sn74lvc1g17-2\/\" \/>\n<meta property=\"og:locale\" content=\"en_US\" \/>\n<meta property=\"og:type\" content=\"article\" \/>\n<meta property=\"og:title\" content=\"SN74LVC1G17 - Tachyss\u00e9ma\" \/>\n<meta property=\"og:url\" content=\"https:\/\/tachyssema.fr\/en\/sn74lvc1g17-2\/\" \/>\n<meta property=\"og:site_name\" content=\"Tachyss\u00e9ma\" \/>\n<meta name=\"twitter:card\" content=\"summary_large_image\" \/>\n<script type=\"application\/ld+json\" class=\"yoast-schema-graph\">{\"@context\":\"https:\/\/schema.org\",\"@graph\":[{\"@type\":\"WebPage\",\"@id\":\"https:\/\/tachyssema.fr\/sn74lvc1g17-2\",\"url\":\"https:\/\/tachyssema.fr\/sn74lvc1g17-2\",\"name\":\"SN74LVC1G17 - Tachyss\u00e9ma\",\"isPartOf\":{\"@id\":\"https:\/\/tachyssema.fr\/#website\"},\"datePublished\":\"2022-05-17T12:50:58+00:00\",\"dateModified\":\"2022-05-17T12:50:58+00:00\",\"breadcrumb\":{\"@id\":\"https:\/\/tachyssema.fr\/sn74lvc1g17-2#breadcrumb\"},\"inLanguage\":\"en-US\",\"potentialAction\":[{\"@type\":\"ReadAction\",\"target\":[\"https:\/\/tachyssema.fr\/sn74lvc1g17-2\"]}]},{\"@type\":\"BreadcrumbList\",\"@id\":\"https:\/\/tachyssema.fr\/sn74lvc1g17-2#breadcrumb\",\"itemListElement\":[{\"@type\":\"ListItem\",\"position\":1,\"name\":\"Accueil\",\"item\":\"https:\/\/tachyssema.fr\/\"},{\"@type\":\"ListItem\",\"position\":2,\"name\":\"SN74LVC1G17\"}]},{\"@type\":\"WebSite\",\"@id\":\"https:\/\/tachyssema.fr\/#website\",\"url\":\"https:\/\/tachyssema.fr\/\",\"name\":\"Tachyss\u00e9ma\",\"description\":\"Ing\u00e9nierie \u00e9lectronique syst\u00e8mes &amp; cam\u00e9ras FPGA\",\"publisher\":{\"@id\":\"https:\/\/tachyssema.fr\/#organization\"},\"potentialAction\":[{\"@type\":\"SearchAction\",\"target\":{\"@type\":\"EntryPoint\",\"urlTemplate\":\"https:\/\/tachyssema.fr\/?s={search_term_string}\"},\"query-input\":\"required name=search_term_string\"}],\"inLanguage\":\"en-US\"},{\"@type\":\"Organization\",\"@id\":\"https:\/\/tachyssema.fr\/#organization\",\"name\":\"Tachyss\u00e9ma D\u00e9veloppement\",\"url\":\"https:\/\/tachyssema.fr\/\",\"logo\":{\"@type\":\"ImageObject\",\"inLanguage\":\"en-US\",\"@id\":\"https:\/\/tachyssema.fr\/#\/schema\/logo\/image\/\",\"url\":\"https:\/\/tachyssema.fr\/wp-content\/uploads\/2020\/10\/cropped-logo.png\",\"contentUrl\":\"https:\/\/tachyssema.fr\/wp-content\/uploads\/2020\/10\/cropped-logo.png\",\"width\":212,\"height\":54,\"caption\":\"Tachyss\u00e9ma D\u00e9veloppement\"},\"image\":{\"@id\":\"https:\/\/tachyssema.fr\/#\/schema\/logo\/image\/\"},\"sameAs\":[\"https:\/\/fr.linkedin.com\/company\/tachyssema-developpement\",\"https:\/\/fr.linkedin.com\/company\/tachyssema-developpement?original_referer=httpswww.google.com\"]}]}<\/script>\n<!-- \/ Yoast SEO plugin. -->","yoast_head_json":{"title":"SN74LVC1G17 - Tachyss\u00e9ma","robots":{"index":"index","follow":"follow","max-snippet":"max-snippet:-1","max-image-preview":"max-image-preview:large","max-video-preview":"max-video-preview:-1"},"canonical":"https:\/\/tachyssema.fr\/en\/sn74lvc1g17-2\/","og_locale":"en_US","og_type":"article","og_title":"SN74LVC1G17 - Tachyss\u00e9ma","og_url":"https:\/\/tachyssema.fr\/en\/sn74lvc1g17-2\/","og_site_name":"Tachyss\u00e9ma","twitter_card":"summary_large_image","schema":{"@context":"https:\/\/schema.org","@graph":[{"@type":"WebPage","@id":"https:\/\/tachyssema.fr\/sn74lvc1g17-2","url":"https:\/\/tachyssema.fr\/sn74lvc1g17-2","name":"SN74LVC1G17 - Tachyss\u00e9ma","isPartOf":{"@id":"https:\/\/tachyssema.fr\/#website"},"datePublished":"2022-05-17T12:50:58+00:00","dateModified":"2022-05-17T12:50:58+00:00","breadcrumb":{"@id":"https:\/\/tachyssema.fr\/sn74lvc1g17-2#breadcrumb"},"inLanguage":"en-US","potentialAction":[{"@type":"ReadAction","target":["https:\/\/tachyssema.fr\/sn74lvc1g17-2"]}]},{"@type":"BreadcrumbList","@id":"https:\/\/tachyssema.fr\/sn74lvc1g17-2#breadcrumb","itemListElement":[{"@type":"ListItem","position":1,"name":"Accueil","item":"https:\/\/tachyssema.fr\/"},{"@type":"ListItem","position":2,"name":"SN74LVC1G17"}]},{"@type":"WebSite","@id":"https:\/\/tachyssema.fr\/#website","url":"https:\/\/tachyssema.fr\/","name":"Tachyss\u00e9ma","description":"Ing\u00e9nierie \u00e9lectronique syst\u00e8mes &amp; cam\u00e9ras FPGA","publisher":{"@id":"https:\/\/tachyssema.fr\/#organization"},"potentialAction":[{"@type":"SearchAction","target":{"@type":"EntryPoint","urlTemplate":"https:\/\/tachyssema.fr\/?s={search_term_string}"},"query-input":"required name=search_term_string"}],"inLanguage":"en-US"},{"@type":"Organization","@id":"https:\/\/tachyssema.fr\/#organization","name":"Tachyss\u00e9ma D\u00e9veloppement","url":"https:\/\/tachyssema.fr\/","logo":{"@type":"ImageObject","inLanguage":"en-US","@id":"https:\/\/tachyssema.fr\/#\/schema\/logo\/image\/","url":"https:\/\/tachyssema.fr\/wp-content\/uploads\/2020\/10\/cropped-logo.png","contentUrl":"https:\/\/tachyssema.fr\/wp-content\/uploads\/2020\/10\/cropped-logo.png","width":212,"height":54,"caption":"Tachyss\u00e9ma D\u00e9veloppement"},"image":{"@id":"https:\/\/tachyssema.fr\/#\/schema\/logo\/image\/"},"sameAs":["https:\/\/fr.linkedin.com\/company\/tachyssema-developpement","https:\/\/fr.linkedin.com\/company\/tachyssema-developpement?original_referer=httpswww.google.com"]}]}},"_links":{"self":[{"href":"https:\/\/tachyssema.fr\/en\/wp-json\/wp\/v2\/pages\/1689"}],"collection":[{"href":"https:\/\/tachyssema.fr\/en\/wp-json\/wp\/v2\/pages"}],"about":[{"href":"https:\/\/tachyssema.fr\/en\/wp-json\/wp\/v2\/types\/page"}],"author":[{"embeddable":true,"href":"https:\/\/tachyssema.fr\/en\/wp-json\/wp\/v2\/users\/2"}],"replies":[{"embeddable":true,"href":"https:\/\/tachyssema.fr\/en\/wp-json\/wp\/v2\/comments?post=1689"}],"version-history":[{"count":3,"href":"https:\/\/tachyssema.fr\/en\/wp-json\/wp\/v2\/pages\/1689\/revisions"}],"predecessor-version":[{"id":1696,"href":"https:\/\/tachyssema.fr\/en\/wp-json\/wp\/v2\/pages\/1689\/revisions\/1696"}],"wp:attachment":[{"href":"https:\/\/tachyssema.fr\/en\/wp-json\/wp\/v2\/media?parent=1689"}],"curies":[{"name":"wp","href":"https:\/\/api.w.org\/{rel}","templated":true}]}}