{"id":1586,"date":"2022-05-09T10:44:02","date_gmt":"2022-05-09T10:44:02","guid":{"rendered":"https:\/\/tachyssema.fr\/?post_type=product&#038;p=1586"},"modified":"2026-03-06T08:32:42","modified_gmt":"2026-03-06T08:32:42","slug":"tachyssema201","status":"publish","type":"product","link":"https:\/\/tachyssema.fr\/en\/product\/tachyssema201","title":{"rendered":"Tachyss\u00e9ma Developpement 201"},"content":{"rendered":"","protected":false},"excerpt":{"rendered":"<p>Tachyss\u00e9ma D\u00e9veloppement 201 CertusPro-NX evaluation and development board.<\/p>\n<p><span data-contrast=\"auto\">A powerful development board that makes development, testing and validation of FPGA CertusPro-NX projects easier and supports 10 GbE SerDes and LPDDR4 memory.\u00a0Taking advantage of its generic interfaces (camera, SFP+, Pmod\u2122, Arduino compatibility), this board allows the creation of real-time video processing and dynamic analysis.<\/span><span data-ccp-props=\"{&quot;201341983&quot;:0,&quot;335559739&quot;:160,&quot;335559740&quot;:259}\">\u00a0<\/span><\/p>\n<p><span data-contrast=\"auto\">In addition of the data processing, this board offers the possibility yo create network bridge projects and firewall.\u00a0<\/span><span data-ccp-props=\"{&quot;201341983&quot;:0,&quot;335559739&quot;:160,&quot;335559740&quot;:259}\">\u00a0<\/span><\/p>\n<p>&nbsp;<\/p>\n<p><strong>Features<\/strong><\/p>\n<ul>\n<li>1x Embbeded Lattice CertusPro-NX 100K density\u00a0<\/li>\n<li>2x SPF+ cages with high speed SerDes links up to 10 Gb\/s\u00a0<\/li>\n<li>1x LPDDR4 8Gb (1 channel x16) memory<\/li>\n<li>4x LVDS \/ CMOS 125Mhz, 161.13 Mhz, 156.25 Mhz and 100 Mhz oscillators\u00a0<\/li>\n<li>Onboard FTDI USB-JTAG programming bridge\u00a0<\/li>\n<li>2x ADC channels<\/li>\n<li>2x 64Mb QSPI flash memories<\/li>\n<li>1x I2C EEPROM 64Kb memory<\/li>\n<li>4x Pmod\u2122 interface ports<span class=\"TextRun SCXW260293859 BCX2\" lang=\"EN-US\" xml:lang=\"EN-US\" data-contrast=\"auto\"><span class=\"NormalTextRun SCXW260293859 BCX2\">\u2122<\/span><\/span>.<\/li>\n<li>Arduino shield plug, FPC 15P camera pi connector<\/li>\n<li>1x Temperature sensor<\/li>\n<li>Single 5-12V DC input power<\/li>\n<li>Compact  115 x 54 mm module<\/li>\n<\/ul>","protected":false},"featured_media":1778,"comment_status":"open","ping_status":"closed","template":"","meta":{"spay_email":"","jetpack_publicize_message":"","jetpack_is_tweetstorm":false,"jetpack_publicize_feature_enabled":true},"product_cat":[42],"product_tag":[],"yoast_head":"<!-- This site is optimized with the Yoast SEO plugin v20.7 - https:\/\/yoast.com\/wordpress\/plugins\/seo\/ -->\n<title>Tachyss\u00e9ma Developpement 201 - Tachyss\u00e9ma<\/title>\n<meta name=\"robots\" content=\"index, follow, max-snippet:-1, max-image-preview:large, max-video-preview:-1\" \/>\n<link rel=\"canonical\" href=\"https:\/\/tachyssema.fr\/en\/product\/tachyssema201\" \/>\n<meta property=\"og:locale\" content=\"en_US\" \/>\n<meta property=\"og:type\" content=\"article\" \/>\n<meta property=\"og:title\" content=\"Tachyss\u00e9ma Developpement 201 - Tachyss\u00e9ma\" \/>\n<meta property=\"og:description\" content=\"Carte de d\u00e9veloppement et d&#039;\u00e9valuation Tachyss\u00e9ma D\u00e9veloppement 201 CertusPro-NX.  Une carte puissante pour le d\u00e9veloppement, elle facilite la validation, le test et la mise en route de projets FPGA CertusPro-NX. Elle prend en charge les SerDes 10GbE et la m\u00e9moire LPDDR4. La carte tire profit de ses diff\u00e9rentes interfaces g\u00e9n\u00e9riques (cam\u00e9ra, SFP+, Pmod\u2122, compatibilit\u00e9 Shield Arduino) et est compatible avec la stack Lattice SensAI.\u00a0  La carte est pr\u00eate pour la cr\u00e9ation de projets de traitement et d\u2019analyse dynamique en vid\u00e9o, ou de gestion de pont r\u00e9seau (bridge) ou la cr\u00e9ation de firewall\u2026\u00a0  &nbsp;  Caract\u00e9ristiques :   1x FPGA embarqu\u00e9 Lattice CertusPro-NX de densit\u00e9 100K.  2x cages SFP+ avec des liens SerDes pouvant atteindre 10Gb\/s.  1x 8Gb (1 channel x16) de m\u00e9moire LPDDR4.  4x oscillateurs LVDS\/CMOS de 161.12MHz, 156.25MHz, 125MHz et 100MHz.  1x Interface de programmation FDTI USB-JTAG.  2x Canaux ADC.  2x M\u00e9moires flash QSPI de 64Mb.  1x m\u00e9moire EEPROM I2C de 64Kb.  4x ports d&#039;interface Pmod\u2122.  1x prise Arduino Shield, 1x connecteur pour cam\u00e9ra pi FPC 15P.  1x capteur de temp\u00e9rature.  1x entr\u00e9e d&#039;alimentation de 5-12V DC.  Module compact de 115x54 mm.\" \/>\n<meta property=\"og:url\" content=\"https:\/\/tachyssema.fr\/en\/product\/tachyssema201\" \/>\n<meta property=\"og:site_name\" content=\"Tachyss\u00e9ma\" \/>\n<meta property=\"article:modified_time\" content=\"2026-03-06T08:32:42+00:00\" \/>\n<meta property=\"og:image\" content=\"https:\/\/tachyssema.fr\/wp-content\/uploads\/2022\/05\/MODULE_B_1-1024x768.png\" \/>\n\t<meta property=\"og:image:width\" content=\"1024\" \/>\n\t<meta property=\"og:image:height\" content=\"768\" \/>\n\t<meta property=\"og:image:type\" content=\"image\/png\" \/>\n<meta name=\"twitter:card\" content=\"summary_large_image\" \/>\n<script type=\"application\/ld+json\" class=\"yoast-schema-graph\">{\"@context\":\"https:\/\/schema.org\",\"@graph\":[{\"@type\":\"WebPage\",\"@id\":\"https:\/\/tachyssema.fr\/en\/product\/tachyssema201\",\"url\":\"https:\/\/tachyssema.fr\/en\/product\/tachyssema201\",\"name\":\"Tachyss\u00e9ma Developpement 201 - Tachyss\u00e9ma\",\"isPartOf\":{\"@id\":\"https:\/\/tachyssema.fr\/#website\"},\"datePublished\":\"2022-05-09T10:44:02+00:00\",\"dateModified\":\"2026-03-06T08:32:42+00:00\",\"breadcrumb\":{\"@id\":\"https:\/\/tachyssema.fr\/en\/product\/tachyssema201#breadcrumb\"},\"inLanguage\":\"en-US\",\"potentialAction\":[{\"@type\":\"ReadAction\",\"target\":[\"https:\/\/tachyssema.fr\/en\/product\/tachyssema201\"]}]},{\"@type\":\"BreadcrumbList\",\"@id\":\"https:\/\/tachyssema.fr\/en\/product\/tachyssema201#breadcrumb\",\"itemListElement\":[{\"@type\":\"ListItem\",\"position\":1,\"name\":\"Accueil\",\"item\":\"https:\/\/tachyssema.fr\/\"},{\"@type\":\"ListItem\",\"position\":2,\"name\":\"Tachyss\u00e9ma Developpement 201\"}]},{\"@type\":\"WebSite\",\"@id\":\"https:\/\/tachyssema.fr\/#website\",\"url\":\"https:\/\/tachyssema.fr\/\",\"name\":\"Tachyss\u00e9ma\",\"description\":\"Ing\u00e9nierie \u00e9lectronique syst\u00e8mes &amp; cam\u00e9ras FPGA\",\"publisher\":{\"@id\":\"https:\/\/tachyssema.fr\/#organization\"},\"potentialAction\":[{\"@type\":\"SearchAction\",\"target\":{\"@type\":\"EntryPoint\",\"urlTemplate\":\"https:\/\/tachyssema.fr\/?s={search_term_string}\"},\"query-input\":\"required name=search_term_string\"}],\"inLanguage\":\"en-US\"},{\"@type\":\"Organization\",\"@id\":\"https:\/\/tachyssema.fr\/#organization\",\"name\":\"Tachyss\u00e9ma D\u00e9veloppement\",\"url\":\"https:\/\/tachyssema.fr\/\",\"logo\":{\"@type\":\"ImageObject\",\"inLanguage\":\"en-US\",\"@id\":\"https:\/\/tachyssema.fr\/#\/schema\/logo\/image\/\",\"url\":\"https:\/\/tachyssema.fr\/wp-content\/uploads\/2020\/10\/cropped-logo.png\",\"contentUrl\":\"https:\/\/tachyssema.fr\/wp-content\/uploads\/2020\/10\/cropped-logo.png\",\"width\":212,\"height\":54,\"caption\":\"Tachyss\u00e9ma D\u00e9veloppement\"},\"image\":{\"@id\":\"https:\/\/tachyssema.fr\/#\/schema\/logo\/image\/\"},\"sameAs\":[\"https:\/\/fr.linkedin.com\/company\/tachyssema-developpement\",\"https:\/\/fr.linkedin.com\/company\/tachyssema-developpement?original_referer=httpswww.google.com\"]}]}<\/script>\n<!-- \/ Yoast SEO plugin. -->","yoast_head_json":{"title":"Tachyss\u00e9ma Developpement 201 - Tachyss\u00e9ma","robots":{"index":"index","follow":"follow","max-snippet":"max-snippet:-1","max-image-preview":"max-image-preview:large","max-video-preview":"max-video-preview:-1"},"canonical":"https:\/\/tachyssema.fr\/en\/product\/tachyssema201","og_locale":"en_US","og_type":"article","og_title":"Tachyss\u00e9ma Developpement 201 - Tachyss\u00e9ma","og_description":"Carte de d\u00e9veloppement et d'\u00e9valuation Tachyss\u00e9ma D\u00e9veloppement 201 CertusPro-NX.  Une carte puissante pour le d\u00e9veloppement, elle facilite la validation, le test et la mise en route de projets FPGA CertusPro-NX. Elle prend en charge les SerDes 10GbE et la m\u00e9moire LPDDR4. La carte tire profit de ses diff\u00e9rentes interfaces g\u00e9n\u00e9riques (cam\u00e9ra, SFP+, Pmod\u2122, compatibilit\u00e9 Shield Arduino) et est compatible avec la stack Lattice SensAI.\u00a0  La carte est pr\u00eate pour la cr\u00e9ation de projets de traitement et d\u2019analyse dynamique en vid\u00e9o, ou de gestion de pont r\u00e9seau (bridge) ou la cr\u00e9ation de firewall\u2026\u00a0  &nbsp;  Caract\u00e9ristiques :   1x FPGA embarqu\u00e9 Lattice CertusPro-NX de densit\u00e9 100K.  2x cages SFP+ avec des liens SerDes pouvant atteindre 10Gb\/s.  1x 8Gb (1 channel x16) de m\u00e9moire LPDDR4.  4x oscillateurs LVDS\/CMOS de 161.12MHz, 156.25MHz, 125MHz et 100MHz.  1x Interface de programmation FDTI USB-JTAG.  2x Canaux ADC.  2x M\u00e9moires flash QSPI de 64Mb.  1x m\u00e9moire EEPROM I2C de 64Kb.  4x ports d'interface Pmod\u2122.  1x prise Arduino Shield, 1x connecteur pour cam\u00e9ra pi FPC 15P.  1x capteur de temp\u00e9rature.  1x entr\u00e9e d'alimentation de 5-12V DC.  Module compact de 115x54 mm.","og_url":"https:\/\/tachyssema.fr\/en\/product\/tachyssema201","og_site_name":"Tachyss\u00e9ma","article_modified_time":"2026-03-06T08:32:42+00:00","og_image":[{"width":1024,"height":768,"url":"https:\/\/tachyssema.fr\/wp-content\/uploads\/2022\/05\/MODULE_B_1-1024x768.png","type":"image\/png"}],"twitter_card":"summary_large_image","schema":{"@context":"https:\/\/schema.org","@graph":[{"@type":"WebPage","@id":"https:\/\/tachyssema.fr\/en\/product\/tachyssema201","url":"https:\/\/tachyssema.fr\/en\/product\/tachyssema201","name":"Tachyss\u00e9ma Developpement 201 - Tachyss\u00e9ma","isPartOf":{"@id":"https:\/\/tachyssema.fr\/#website"},"datePublished":"2022-05-09T10:44:02+00:00","dateModified":"2026-03-06T08:32:42+00:00","breadcrumb":{"@id":"https:\/\/tachyssema.fr\/en\/product\/tachyssema201#breadcrumb"},"inLanguage":"en-US","potentialAction":[{"@type":"ReadAction","target":["https:\/\/tachyssema.fr\/en\/product\/tachyssema201"]}]},{"@type":"BreadcrumbList","@id":"https:\/\/tachyssema.fr\/en\/product\/tachyssema201#breadcrumb","itemListElement":[{"@type":"ListItem","position":1,"name":"Accueil","item":"https:\/\/tachyssema.fr\/"},{"@type":"ListItem","position":2,"name":"Tachyss\u00e9ma Developpement 201"}]},{"@type":"WebSite","@id":"https:\/\/tachyssema.fr\/#website","url":"https:\/\/tachyssema.fr\/","name":"Tachyss\u00e9ma","description":"Ing\u00e9nierie \u00e9lectronique syst\u00e8mes &amp; cam\u00e9ras FPGA","publisher":{"@id":"https:\/\/tachyssema.fr\/#organization"},"potentialAction":[{"@type":"SearchAction","target":{"@type":"EntryPoint","urlTemplate":"https:\/\/tachyssema.fr\/?s={search_term_string}"},"query-input":"required name=search_term_string"}],"inLanguage":"en-US"},{"@type":"Organization","@id":"https:\/\/tachyssema.fr\/#organization","name":"Tachyss\u00e9ma D\u00e9veloppement","url":"https:\/\/tachyssema.fr\/","logo":{"@type":"ImageObject","inLanguage":"en-US","@id":"https:\/\/tachyssema.fr\/#\/schema\/logo\/image\/","url":"https:\/\/tachyssema.fr\/wp-content\/uploads\/2020\/10\/cropped-logo.png","contentUrl":"https:\/\/tachyssema.fr\/wp-content\/uploads\/2020\/10\/cropped-logo.png","width":212,"height":54,"caption":"Tachyss\u00e9ma D\u00e9veloppement"},"image":{"@id":"https:\/\/tachyssema.fr\/#\/schema\/logo\/image\/"},"sameAs":["https:\/\/fr.linkedin.com\/company\/tachyssema-developpement","https:\/\/fr.linkedin.com\/company\/tachyssema-developpement?original_referer=httpswww.google.com"]}]}},"_links":{"self":[{"href":"https:\/\/tachyssema.fr\/en\/wp-json\/wp\/v2\/product\/1586"}],"collection":[{"href":"https:\/\/tachyssema.fr\/en\/wp-json\/wp\/v2\/product"}],"about":[{"href":"https:\/\/tachyssema.fr\/en\/wp-json\/wp\/v2\/types\/product"}],"replies":[{"embeddable":true,"href":"https:\/\/tachyssema.fr\/en\/wp-json\/wp\/v2\/comments?post=1586"}],"wp:featuredmedia":[{"embeddable":true,"href":"https:\/\/tachyssema.fr\/en\/wp-json\/wp\/v2\/media\/1778"}],"wp:attachment":[{"href":"https:\/\/tachyssema.fr\/en\/wp-json\/wp\/v2\/media?parent=1586"}],"wp:term":[{"taxonomy":"product_cat","embeddable":true,"href":"https:\/\/tachyssema.fr\/en\/wp-json\/wp\/v2\/product_cat?post=1586"},{"taxonomy":"product_tag","embeddable":true,"href":"https:\/\/tachyssema.fr\/en\/wp-json\/wp\/v2\/product_tag?post=1586"}],"curies":[{"name":"wp","href":"https:\/\/api.w.org\/{rel}","templated":true}]}}