{"id":1587,"date":"2022-05-09T12:51:38","date_gmt":"2022-05-09T12:51:38","guid":{"rendered":"https:\/\/tachyssema.fr\/?post_type=product&#038;p=1587"},"modified":"2023-03-27T09:02:09","modified_gmt":"2023-03-27T09:02:09","slug":"tachyssema101","status":"publish","type":"product","link":"https:\/\/tachyssema.fr\/en\/product\/tachyssema101","title":{"rendered":"Tachyss\u00e9ma D\u00e9veloppement 101"},"content":{"rendered":"","protected":false},"excerpt":{"rendered":"<p>Tachyss\u00e9ma D\u00e9veloppement 101 CertusPro-NX industrial module.<\/p>\n<p><span data-contrast=\"auto\">A versatile compact low-power stand-alone module with LPDDR4 &amp; 10G SERDES. Excellent compact solution (27x47m) for embedded imaging and vision applications.\u00a0The Tachyss\u00e9ma D\u00e9veloppement TD101 industrial module is a production-suitable hardware design. It is intended to serve as a building block for OEM products, designs, projects using high speed links.\u00a0Moreover, the module is perfect for industrial network products and security management.\u00a0\u00a0<\/span><\/p>\n<p>&nbsp;<\/p>\n<p><strong>Features:<\/strong><\/p>\n<ul>\n<li>1x Embbeded Lattice CertusPro-NX 100K density\u00a0<\/li>\n<li><span data-contrast=\"auto\">4x High speed SerDes links up to 10.3 Gb\/s<\/span><span data-ccp-props=\"{&quot;201341983&quot;:0,&quot;335559739&quot;:160,&quot;335559740&quot;:259}\"><br \/>\n<\/span><\/li>\n<li><span data-contrast=\"auto\">1x LPDDR4 8Gb (2 channels x16) memory<\/span><\/li>\n<li><span data-contrast=\"auto\">4x LVDS and CMOS oscillators of 161.13, 156.25, 125 and 100 MHz<\/span><\/li>\n<li><span data-contrast=\"auto\">34x 3,3V, 5x LVDS\/MIPI <\/span><\/li>\n<li><span data-contrast=\"auto\">2x ADC channels<br \/>\n<\/span><\/li>\n<li><span data-contrast=\"auto\">2x 64Mb QSPI flash memories<br \/>\n<\/span><\/li>\n<li><span data-contrast=\"auto\">1x I2C EEPROM 64Kb memory<br \/>\n<\/span><\/li>\n<li><span data-contrast=\"auto\">1x Temperature sensor<br \/>\n<\/span><\/li>\n<li>Single 5-12 DC input power<\/li>\n<li class=\" translation-block\">Compact module, 27mm x 47mm<\/li>\n<\/ul>","protected":false},"featured_media":1760,"comment_status":"open","ping_status":"closed","template":"","meta":{"spay_email":"","jetpack_publicize_message":"","jetpack_is_tweetstorm":false,"jetpack_publicize_feature_enabled":true},"product_cat":[39],"product_tag":[],"yoast_head":"<!-- This site is optimized with the Yoast SEO plugin v20.7 - https:\/\/yoast.com\/wordpress\/plugins\/seo\/ -->\n<title>Tachyss\u00e9ma D\u00e9veloppement 101 - Tachyss\u00e9ma<\/title>\n<meta name=\"robots\" content=\"index, follow, max-snippet:-1, max-image-preview:large, max-video-preview:-1\" \/>\n<link rel=\"canonical\" href=\"https:\/\/tachyssema.fr\/en\/product\/tachyssema101\/\" \/>\n<meta property=\"og:locale\" content=\"en_US\" \/>\n<meta property=\"og:type\" content=\"article\" \/>\n<meta property=\"og:title\" content=\"Tachyss\u00e9ma D\u00e9veloppement 101 - Tachyss\u00e9ma\" \/>\n<meta property=\"og:description\" content=\"Module industriel Tachyss\u00e9ma D\u00e9veloppement 101 CertusPro-NX.  Un module flexible, autonome et basse-consommation \u00e9quip\u00e9 de LPDDR4 &amp; de SerDes 10GbE. C\u2019est une solution compacte (27x47mm) excellente pour les applications de vision et d\u2019imagerie embarqu\u00e9s. Le module industriel TD101 convient \u00e0 la production de designs hardware. Il sert de bloc de construction pour les produits, designs et projets OEM embarquant des liens \u00e0 haute vitesse. Enfin, le module est parfait pour les applications de r\u00e9seaux industriels et pour la cybers\u00e9curit\u00e9.  &nbsp;  Caract\u00e9ristiques:   1x FPGA embarqu\u00e9 Lattice CertusPro-NX de densit\u00e9 100K.  4x Liens haute vitesse SerDes jusqu&#039;\u00e0 10.3 Gb\/s.   1x M\u00e9moire LPDDR4 8Gb (2 canaux x16)  4x Oscillateurs LVDS et CMOS de 161.13MHz, 156.25MHz, 125MHz and 100MHz.  34x 3,3V, 5x LVDS\/MIPI.   2x Canaux ADC.   2x M\u00e9moire flash QSPI de 64Mb.   1x M\u00e9moire I2C EEPROM 64Kb.   1x Capteur de temp\u00e9rature.   1x Entr\u00e9e d&#039;alimentation de 5-12V DC.  Module compact, 27mm x 47mm\" \/>\n<meta property=\"og:url\" content=\"https:\/\/tachyssema.fr\/en\/product\/tachyssema101\/\" \/>\n<meta property=\"og:site_name\" content=\"Tachyss\u00e9ma\" \/>\n<meta property=\"article:modified_time\" content=\"2023-03-27T09:02:09+00:00\" \/>\n<meta property=\"og:image\" content=\"https:\/\/tachyssema.fr\/wp-content\/uploads\/2022\/10\/MODULE_A_1-scaled.jpg\" \/>\n\t<meta property=\"og:image:width\" content=\"2560\" \/>\n\t<meta property=\"og:image:height\" content=\"1920\" \/>\n\t<meta property=\"og:image:type\" content=\"image\/jpeg\" \/>\n<meta name=\"twitter:card\" content=\"summary_large_image\" \/>\n<script type=\"application\/ld+json\" class=\"yoast-schema-graph\">{\"@context\":\"https:\/\/schema.org\",\"@graph\":[{\"@type\":\"WebPage\",\"@id\":\"https:\/\/tachyssema.fr\/produit\/tachyssema101\",\"url\":\"https:\/\/tachyssema.fr\/produit\/tachyssema101\",\"name\":\"Tachyss\u00e9ma D\u00e9veloppement 101 - Tachyss\u00e9ma\",\"isPartOf\":{\"@id\":\"https:\/\/tachyssema.fr\/#website\"},\"datePublished\":\"2022-05-09T12:51:38+00:00\",\"dateModified\":\"2023-03-27T09:02:09+00:00\",\"breadcrumb\":{\"@id\":\"https:\/\/tachyssema.fr\/produit\/tachyssema101#breadcrumb\"},\"inLanguage\":\"en-US\",\"potentialAction\":[{\"@type\":\"ReadAction\",\"target\":[\"https:\/\/tachyssema.fr\/produit\/tachyssema101\"]}]},{\"@type\":\"BreadcrumbList\",\"@id\":\"https:\/\/tachyssema.fr\/produit\/tachyssema101#breadcrumb\",\"itemListElement\":[{\"@type\":\"ListItem\",\"position\":1,\"name\":\"Accueil\",\"item\":\"https:\/\/tachyssema.fr\/\"},{\"@type\":\"ListItem\",\"position\":2,\"name\":\"Tachyss\u00e9ma D\u00e9veloppement 101\"}]},{\"@type\":\"WebSite\",\"@id\":\"https:\/\/tachyssema.fr\/#website\",\"url\":\"https:\/\/tachyssema.fr\/\",\"name\":\"Tachyss\u00e9ma\",\"description\":\"Ing\u00e9nierie \u00e9lectronique syst\u00e8mes &amp; cam\u00e9ras FPGA\",\"publisher\":{\"@id\":\"https:\/\/tachyssema.fr\/#organization\"},\"potentialAction\":[{\"@type\":\"SearchAction\",\"target\":{\"@type\":\"EntryPoint\",\"urlTemplate\":\"https:\/\/tachyssema.fr\/?s={search_term_string}\"},\"query-input\":\"required name=search_term_string\"}],\"inLanguage\":\"en-US\"},{\"@type\":\"Organization\",\"@id\":\"https:\/\/tachyssema.fr\/#organization\",\"name\":\"Tachyss\u00e9ma D\u00e9veloppement\",\"url\":\"https:\/\/tachyssema.fr\/\",\"logo\":{\"@type\":\"ImageObject\",\"inLanguage\":\"en-US\",\"@id\":\"https:\/\/tachyssema.fr\/#\/schema\/logo\/image\/\",\"url\":\"https:\/\/tachyssema.fr\/wp-content\/uploads\/2020\/10\/cropped-logo.png\",\"contentUrl\":\"https:\/\/tachyssema.fr\/wp-content\/uploads\/2020\/10\/cropped-logo.png\",\"width\":212,\"height\":54,\"caption\":\"Tachyss\u00e9ma D\u00e9veloppement\"},\"image\":{\"@id\":\"https:\/\/tachyssema.fr\/#\/schema\/logo\/image\/\"},\"sameAs\":[\"https:\/\/fr.linkedin.com\/company\/tachyssema-developpement\",\"https:\/\/fr.linkedin.com\/company\/tachyssema-developpement?original_referer=httpswww.google.com\"]}]}<\/script>\n<!-- \/ Yoast SEO plugin. -->","yoast_head_json":{"title":"Tachyss\u00e9ma D\u00e9veloppement 101 - Tachyss\u00e9ma","robots":{"index":"index","follow":"follow","max-snippet":"max-snippet:-1","max-image-preview":"max-image-preview:large","max-video-preview":"max-video-preview:-1"},"canonical":"https:\/\/tachyssema.fr\/en\/product\/tachyssema101\/","og_locale":"en_US","og_type":"article","og_title":"Tachyss\u00e9ma D\u00e9veloppement 101 - Tachyss\u00e9ma","og_description":"Module industriel Tachyss\u00e9ma D\u00e9veloppement 101 CertusPro-NX.  Un module flexible, autonome et basse-consommation \u00e9quip\u00e9 de LPDDR4 &amp; de SerDes 10GbE. C\u2019est une solution compacte (27x47mm) excellente pour les applications de vision et d\u2019imagerie embarqu\u00e9s. Le module industriel TD101 convient \u00e0 la production de designs hardware. Il sert de bloc de construction pour les produits, designs et projets OEM embarquant des liens \u00e0 haute vitesse. Enfin, le module est parfait pour les applications de r\u00e9seaux industriels et pour la cybers\u00e9curit\u00e9.  &nbsp;  Caract\u00e9ristiques:   1x FPGA embarqu\u00e9 Lattice CertusPro-NX de densit\u00e9 100K.  4x Liens haute vitesse SerDes jusqu'\u00e0 10.3 Gb\/s.   1x M\u00e9moire LPDDR4 8Gb (2 canaux x16)  4x Oscillateurs LVDS et CMOS de 161.13MHz, 156.25MHz, 125MHz and 100MHz.  34x 3,3V, 5x LVDS\/MIPI.   2x Canaux ADC.   2x M\u00e9moire flash QSPI de 64Mb.   1x M\u00e9moire I2C EEPROM 64Kb.   1x Capteur de temp\u00e9rature.   1x Entr\u00e9e d'alimentation de 5-12V DC.  Module compact, 27mm x 47mm","og_url":"https:\/\/tachyssema.fr\/en\/product\/tachyssema101\/","og_site_name":"Tachyss\u00e9ma","article_modified_time":"2023-03-27T09:02:09+00:00","og_image":[{"width":2560,"height":1920,"url":"https:\/\/tachyssema.fr\/wp-content\/uploads\/2022\/10\/MODULE_A_1-scaled.jpg","type":"image\/jpeg"}],"twitter_card":"summary_large_image","schema":{"@context":"https:\/\/schema.org","@graph":[{"@type":"WebPage","@id":"https:\/\/tachyssema.fr\/produit\/tachyssema101","url":"https:\/\/tachyssema.fr\/produit\/tachyssema101","name":"Tachyss\u00e9ma D\u00e9veloppement 101 - Tachyss\u00e9ma","isPartOf":{"@id":"https:\/\/tachyssema.fr\/#website"},"datePublished":"2022-05-09T12:51:38+00:00","dateModified":"2023-03-27T09:02:09+00:00","breadcrumb":{"@id":"https:\/\/tachyssema.fr\/produit\/tachyssema101#breadcrumb"},"inLanguage":"en-US","potentialAction":[{"@type":"ReadAction","target":["https:\/\/tachyssema.fr\/produit\/tachyssema101"]}]},{"@type":"BreadcrumbList","@id":"https:\/\/tachyssema.fr\/produit\/tachyssema101#breadcrumb","itemListElement":[{"@type":"ListItem","position":1,"name":"Accueil","item":"https:\/\/tachyssema.fr\/"},{"@type":"ListItem","position":2,"name":"Tachyss\u00e9ma D\u00e9veloppement 101"}]},{"@type":"WebSite","@id":"https:\/\/tachyssema.fr\/#website","url":"https:\/\/tachyssema.fr\/","name":"Tachyss\u00e9ma","description":"Ing\u00e9nierie \u00e9lectronique syst\u00e8mes &amp; cam\u00e9ras FPGA","publisher":{"@id":"https:\/\/tachyssema.fr\/#organization"},"potentialAction":[{"@type":"SearchAction","target":{"@type":"EntryPoint","urlTemplate":"https:\/\/tachyssema.fr\/?s={search_term_string}"},"query-input":"required name=search_term_string"}],"inLanguage":"en-US"},{"@type":"Organization","@id":"https:\/\/tachyssema.fr\/#organization","name":"Tachyss\u00e9ma D\u00e9veloppement","url":"https:\/\/tachyssema.fr\/","logo":{"@type":"ImageObject","inLanguage":"en-US","@id":"https:\/\/tachyssema.fr\/#\/schema\/logo\/image\/","url":"https:\/\/tachyssema.fr\/wp-content\/uploads\/2020\/10\/cropped-logo.png","contentUrl":"https:\/\/tachyssema.fr\/wp-content\/uploads\/2020\/10\/cropped-logo.png","width":212,"height":54,"caption":"Tachyss\u00e9ma D\u00e9veloppement"},"image":{"@id":"https:\/\/tachyssema.fr\/#\/schema\/logo\/image\/"},"sameAs":["https:\/\/fr.linkedin.com\/company\/tachyssema-developpement","https:\/\/fr.linkedin.com\/company\/tachyssema-developpement?original_referer=httpswww.google.com"]}]}},"_links":{"self":[{"href":"https:\/\/tachyssema.fr\/en\/wp-json\/wp\/v2\/product\/1587"}],"collection":[{"href":"https:\/\/tachyssema.fr\/en\/wp-json\/wp\/v2\/product"}],"about":[{"href":"https:\/\/tachyssema.fr\/en\/wp-json\/wp\/v2\/types\/product"}],"replies":[{"embeddable":true,"href":"https:\/\/tachyssema.fr\/en\/wp-json\/wp\/v2\/comments?post=1587"}],"wp:featuredmedia":[{"embeddable":true,"href":"https:\/\/tachyssema.fr\/en\/wp-json\/wp\/v2\/media\/1760"}],"wp:attachment":[{"href":"https:\/\/tachyssema.fr\/en\/wp-json\/wp\/v2\/media?parent=1587"}],"wp:term":[{"taxonomy":"product_cat","embeddable":true,"href":"https:\/\/tachyssema.fr\/en\/wp-json\/wp\/v2\/product_cat?post=1587"},{"taxonomy":"product_tag","embeddable":true,"href":"https:\/\/tachyssema.fr\/en\/wp-json\/wp\/v2\/product_tag?post=1587"}],"curies":[{"name":"wp","href":"https:\/\/api.w.org\/{rel}","templated":true}]}}